{"id":280,"date":"2021-10-28T11:56:37","date_gmt":"2021-10-28T11:56:37","guid":{"rendered":"https:\/\/wrocapartments.pl\/star\/?page_id=280"},"modified":"2023-12-11T21:54:08","modified_gmt":"2023-12-11T21:54:08","slug":"zarezerwuj","status":"publish","type":"page","link":"https:\/\/wrocapartments.pl\/star\/zarezerwuj\/","title":{"rendered":"Zarezerwuj"},"content":{"rendered":"\t\t<div data-elementor-type=\"wp-page\" data-elementor-id=\"280\" class=\"elementor elementor-280\" data-elementor-post-type=\"page\">\n\t\t\t\t\t\t<section class=\"has_ae_slider elementor-section elementor-top-section elementor-element elementor-element-0301b04 elementor-section-content-middle elementor-section-boxed elementor-section-height-default elementor-section-height-default ae-bg-gallery-type-default\" data-id=\"0301b04\" data-element_type=\"section\" data-e-type=\"section\" data-settings=\"{&quot;background_background&quot;:&quot;classic&quot;}\">\n\t\t\t\t\t\t<div class=\"elementor-container elementor-column-gap-no\">\n\t\t\t\t\t<div class=\"has_ae_slider elementor-column elementor-col-100 elementor-top-column elementor-element elementor-element-d3aa990 ae-bg-gallery-type-default\" data-id=\"d3aa990\" data-element_type=\"column\" data-e-type=\"column\">\n\t\t\t<div class=\"elementor-widget-wrap elementor-element-populated\">\n\t\t\t\t\t\t<div class=\"elementor-element elementor-element-10d5378 elementor-invisible elementor-widget elementor-widget-heading\" data-id=\"10d5378\" data-element_type=\"widget\" data-e-type=\"widget\" data-settings=\"{&quot;_animation&quot;:&quot;fadeInDown&quot;}\" data-widget_type=\"heading.default\">\n\t\t\t\t\t<h4 class=\"elementor-heading-title elementor-size-default\">Zarezerwuj teraz sw\u00f3j apartament<\/h4>\t\t\t\t<\/div>\n\t\t\t\t<div class=\"elementor-element elementor-element-834160c elementor-widget-divider--view-line_text elementor-widget-divider--element-align-center elementor-invisible elementor-widget elementor-widget-divider\" data-id=\"834160c\" data-element_type=\"widget\" data-e-type=\"widget\" data-settings=\"{&quot;_animation&quot;:&quot;fadeInUp&quot;}\" data-widget_type=\"divider.default\">\n\t\t\t\t\t\t\t<div class=\"elementor-divider\">\n\t\t\t<span class=\"elementor-divider-separator\">\n\t\t\t\t\t\t\t<span class=\"elementor-divider__text elementor-divider__element\">\n\t\t\t\t#wrocapartments #starcenter\t\t\t\t<\/span>\n\t\t\t\t\t\t<\/span>\n\t\t<\/div>\n\t\t\t\t\t\t<\/div>\n\t\t\t\t\t<\/div>\n\t\t<\/div>\n\t\t\t\t\t<\/div>\n\t\t<\/section>\n\t\t\t\t<section class=\"has_ae_slider elementor-section elementor-top-section elementor-element elementor-element-1f35641 elementor-section-full_width elementor-section-height-default elementor-section-height-default ae-bg-gallery-type-default elementor-invisible\" data-id=\"1f35641\" data-element_type=\"section\" data-e-type=\"section\" data-settings=\"{&quot;animation&quot;:&quot;fadeIn&quot;}\">\n\t\t\t\t\t\t<div class=\"elementor-container elementor-column-gap-default\">\n\t\t\t\t\t<div class=\"has_ae_slider elementor-column elementor-col-100 elementor-top-column elementor-element elementor-element-71a8793 ae-bg-gallery-type-default\" data-id=\"71a8793\" data-element_type=\"column\" data-e-type=\"column\">\n\t\t\t<div class=\"elementor-widget-wrap elementor-element-populated\">\n\t\t\t\t\t\t<div class=\"elementor-element elementor-element-c91348a elementor-widget elementor-widget-shortcode\" data-id=\"c91348a\" data-element_type=\"widget\" data-e-type=\"widget\" data-widget_type=\"shortcode.default\">\n\t\t\t\t\t\t\t<div class=\"elementor-shortcode\">\t\t<div data-elementor-type=\"section\" data-elementor-id=\"467\" class=\"elementor elementor-467\" data-elementor-post-type=\"elementor_library\">\n\t\t\t\t\t<section class=\"has_ae_slider elementor-section elementor-top-section elementor-element elementor-element-256340b elementor-section-full_width elementor-section-height-default elementor-section-height-default ae-bg-gallery-type-default\" data-id=\"256340b\" data-element_type=\"section\" data-e-type=\"section\">\n\t\t\t\t\t\t<div class=\"elementor-container elementor-column-gap-no\">\n\t\t\t\t\t<div class=\"has_ae_slider elementor-column elementor-col-100 elementor-top-column elementor-element elementor-element-d5ddaf9 ae-bg-gallery-type-default\" data-id=\"d5ddaf9\" data-element_type=\"column\" data-e-type=\"column\">\n\t\t\t<div class=\"elementor-widget-wrap elementor-element-populated\">\n\t\t\t\t\t\t<div class=\"elementor-element elementor-element-8986dca elementor-widget elementor-widget-html\" data-id=\"8986dca\" data-element_type=\"widget\" data-e-type=\"widget\" data-widget_type=\"html.default\">\n\t\t\t\t\t<iframe id=\"ra-reservation-form-v2\" style=\"width: 100%; height:100px; border: none; padding: 0;\" src=\"https:\/\/roomadmin.pl\/widget\/reservation-v2\/start?fh=1c00cb112875e69fd060ff8085ead8bb87886ace&style=%7B%22color_accent%22%3A%22%231C1F38%22%2C%22color_bg%22%3A%22%23FFFFFF%22%7D&\"><\/iframe> <script> try { (function () { var iframe = window.document.getElementById('ra-reservation-form-v2'); function raMessageReceiver(event) { if (iframe) { if(!event.data.sender || \"reservation-form\" !== event.data.sender){ return; } if (event.data.height) { iframe.style.height = (event.data.height + 10) + \"px\"; } if (event.data.event && event.data.event.name === \"widget.scrollup.requested\") { try { iframe.scrollIntoView({behavior: \"smooth\", block: \"start\"}); } catch(e) {} } } } window.addEventListener(\"message\", raMessageReceiver, false); function setup() { try { iframe.contentWindow.postMessage({ location: window.location.toString(), setup: { autoHeight: true } }, \"*\"); } catch (e) { } } setInterval(setup, 1000); iframe.addEventListener(\"load\", setup); })(); } catch (e) { console.error(e); } <\/script>\t\t\t\t<\/div>\n\t\t\t\t\t<\/div>\n\t\t<\/div>\n\t\t\t\t\t<\/div>\n\t\t<\/section>\n\t\t\t\t<\/div>\n\t\t<\/div>\n\t\t\t\t\t\t<\/div>\n\t\t\t\t\t<\/div>\n\t\t<\/div>\n\t\t\t\t\t<\/div>\n\t\t<\/section>\n\t\t\t\t<\/div>\n\t\t","protected":false},"excerpt":{"rendered":"<p>Zarezerwuj teraz sw\u00f3j apartament #wrocapartments #starcenter<\/p>\n","protected":false},"author":1,"featured_media":0,"parent":0,"menu_order":2,"comment_status":"closed","ping_status":"closed","template":"","meta":{"_acf_changed":false,"site-sidebar-layout":"no-sidebar","site-content-layout":"page-builder","ast-site-content-layout":"default","site-content-style":"default","site-sidebar-style":"default","ast-global-header-display":"","ast-banner-title-visibility":"","ast-main-header-display":"","ast-hfb-above-header-display":"","ast-hfb-below-header-display":"","ast-hfb-mobile-header-display":"","site-post-title":"disabled","ast-breadcrumbs-content":"","ast-featured-img":"disabled","footer-sml-layout":"","ast-disable-related-posts":"","theme-transparent-header-meta":"","adv-header-id-meta":"","stick-header-meta":"","header-above-stick-meta":"","header-main-stick-meta":"","header-below-stick-meta":"","astra-migrate-meta-layouts":"default","ast-page-background-enabled":"default","ast-page-background-meta":{"desktop":{"background-color":"var(--ast-global-color-4)","background-image":"","background-repeat":"repeat","background-position":"center center","background-size":"auto","background-attachment":"scroll","background-type":"","background-media":"","overlay-type":"","overlay-color":"","overlay-opacity":"","overlay-gradient":""},"tablet":{"background-color":"","background-image":"","background-repeat":"repeat","background-position":"center center","background-size":"auto","background-attachment":"scroll","background-type":"","background-media":"","overlay-type":"","overlay-color":"","overlay-opacity":"","overlay-gradient":""},"mobile":{"background-color":"","background-image":"","background-repeat":"repeat","background-position":"center center","background-size":"auto","background-attachment":"scroll","background-type":"","background-media":"","overlay-type":"","overlay-color":"","overlay-opacity":"","overlay-gradient":""}},"ast-content-background-meta":{"desktop":{"background-color":"var(--ast-global-color-5)","background-image":"","background-repeat":"repeat","background-position":"center center","background-size":"auto","background-attachment":"scroll","background-type":"","background-media":"","overlay-type":"","overlay-color":"","overlay-opacity":"","overlay-gradient":""},"tablet":{"background-color":"var(--ast-global-color-5)","background-image":"","background-repeat":"repeat","background-position":"center center","background-size":"auto","background-attachment":"scroll","background-type":"","background-media":"","overlay-type":"","overlay-color":"","overlay-opacity":"","overlay-gradient":""},"mobile":{"background-color":"var(--ast-global-color-5)","background-image":"","background-repeat":"repeat","background-position":"center center","background-size":"auto","background-attachment":"scroll","background-type":"","background-media":"","overlay-type":"","overlay-color":"","overlay-opacity":"","overlay-gradient":""}},"footnotes":""},"class_list":["post-280","page","type-page","status-publish","hentry"],"acf":[],"yoast_head":"<!-- This site is optimized with the Yoast SEO plugin v27.4 - https:\/\/yoast.com\/product\/yoast-seo-wordpress\/ -->\n<title>Zarezerwuj - StarCenter WrocApartments - Apartamenty Wroc\u0142aw, Wynajem mieszka\u0144 we Wroc\u0142awiu<\/title>\n<meta name=\"robots\" content=\"index, follow, max-snippet:-1, max-image-preview:large, max-video-preview:-1\" \/>\n<link rel=\"canonical\" href=\"https:\/\/wrocapartments.pl\/star\/zarezerwuj\/\" \/>\n<meta property=\"og:locale\" content=\"pl_PL\" \/>\n<meta property=\"og:type\" content=\"article\" \/>\n<meta property=\"og:title\" content=\"Zarezerwuj - StarCenter WrocApartments - Apartamenty Wroc\u0142aw, Wynajem mieszka\u0144 we Wroc\u0142awiu\" \/>\n<meta property=\"og:description\" content=\"Zarezerwuj teraz sw\u00f3j apartament #wrocapartments #starcenter\" \/>\n<meta property=\"og:url\" content=\"https:\/\/wrocapartments.pl\/star\/zarezerwuj\/\" \/>\n<meta property=\"og:site_name\" content=\"STARCENTER - WrocApartments\" \/>\n<meta property=\"article:modified_time\" content=\"2023-12-11T21:54:08+00:00\" \/>\n<meta name=\"twitter:card\" content=\"summary_large_image\" \/>\n<meta name=\"twitter:label1\" content=\"Szacowany czas czytania\" \/>\n\t<meta name=\"twitter:data1\" content=\"2 minuty\" \/>\n<script type=\"application\/ld+json\" class=\"yoast-schema-graph\">{\"@context\":\"https:\\\/\\\/schema.org\",\"@graph\":[{\"@type\":\"WebPage\",\"@id\":\"https:\\\/\\\/wrocapartments.pl\\\/star\\\/zarezerwuj\\\/\",\"url\":\"https:\\\/\\\/wrocapartments.pl\\\/star\\\/zarezerwuj\\\/\",\"name\":\"Zarezerwuj - StarCenter WrocApartments - Apartamenty Wroc\u0142aw, Wynajem mieszka\u0144 we Wroc\u0142awiu\",\"isPartOf\":{\"@id\":\"https:\\\/\\\/wrocapartments.pl\\\/star\\\/#website\"},\"datePublished\":\"2021-10-28T11:56:37+00:00\",\"dateModified\":\"2023-12-11T21:54:08+00:00\",\"breadcrumb\":{\"@id\":\"https:\\\/\\\/wrocapartments.pl\\\/star\\\/zarezerwuj\\\/#breadcrumb\"},\"inLanguage\":\"pl-PL\",\"potentialAction\":[{\"@type\":\"ReadAction\",\"target\":[\"https:\\\/\\\/wrocapartments.pl\\\/star\\\/zarezerwuj\\\/\"]}]},{\"@type\":\"BreadcrumbList\",\"@id\":\"https:\\\/\\\/wrocapartments.pl\\\/star\\\/zarezerwuj\\\/#breadcrumb\",\"itemListElement\":[{\"@type\":\"ListItem\",\"position\":1,\"name\":\"Strona g\u0142\u00f3wna\",\"item\":\"https:\\\/\\\/wrocapartments.pl\\\/star\\\/\"},{\"@type\":\"ListItem\",\"position\":2,\"name\":\"Zarezerwuj\"}]},{\"@type\":\"WebSite\",\"@id\":\"https:\\\/\\\/wrocapartments.pl\\\/star\\\/#website\",\"url\":\"https:\\\/\\\/wrocapartments.pl\\\/star\\\/\",\"name\":\"STARCENTER - WrocApartments\",\"description\":\"Twoje miejsce we Wroc\u0142awiu. Apartamenty we Wroc\u0142awiu.\",\"publisher\":{\"@id\":\"https:\\\/\\\/wrocapartments.pl\\\/star\\\/#organization\"},\"potentialAction\":[{\"@type\":\"SearchAction\",\"target\":{\"@type\":\"EntryPoint\",\"urlTemplate\":\"https:\\\/\\\/wrocapartments.pl\\\/star\\\/?s={search_term_string}\"},\"query-input\":{\"@type\":\"PropertyValueSpecification\",\"valueRequired\":true,\"valueName\":\"search_term_string\"}}],\"inLanguage\":\"pl-PL\"},{\"@type\":\"Organization\",\"@id\":\"https:\\\/\\\/wrocapartments.pl\\\/star\\\/#organization\",\"name\":\"STARCENTER - WrocApartments\",\"url\":\"https:\\\/\\\/wrocapartments.pl\\\/star\\\/\",\"logo\":{\"@type\":\"ImageObject\",\"inLanguage\":\"pl-PL\",\"@id\":\"https:\\\/\\\/wrocapartments.pl\\\/star\\\/#\\\/schema\\\/logo\\\/image\\\/\",\"url\":\"https:\\\/\\\/wrocapartments.pl\\\/star\\\/wp-content\\\/uploads\\\/2022\\\/01\\\/Star-Center-Logo.png\",\"contentUrl\":\"https:\\\/\\\/wrocapartments.pl\\\/star\\\/wp-content\\\/uploads\\\/2022\\\/01\\\/Star-Center-Logo.png\",\"width\":400,\"height\":126,\"caption\":\"STARCENTER - WrocApartments\"},\"image\":{\"@id\":\"https:\\\/\\\/wrocapartments.pl\\\/star\\\/#\\\/schema\\\/logo\\\/image\\\/\"}}]}<\/script>\n<!-- \/ Yoast SEO plugin. -->","yoast_head_json":{"title":"Zarezerwuj - StarCenter WrocApartments - Apartamenty Wroc\u0142aw, Wynajem mieszka\u0144 we Wroc\u0142awiu","robots":{"index":"index","follow":"follow","max-snippet":"max-snippet:-1","max-image-preview":"max-image-preview:large","max-video-preview":"max-video-preview:-1"},"canonical":"https:\/\/wrocapartments.pl\/star\/zarezerwuj\/","og_locale":"pl_PL","og_type":"article","og_title":"Zarezerwuj - StarCenter WrocApartments - Apartamenty Wroc\u0142aw, Wynajem mieszka\u0144 we Wroc\u0142awiu","og_description":"Zarezerwuj teraz sw\u00f3j apartament #wrocapartments #starcenter","og_url":"https:\/\/wrocapartments.pl\/star\/zarezerwuj\/","og_site_name":"STARCENTER - WrocApartments","article_modified_time":"2023-12-11T21:54:08+00:00","twitter_card":"summary_large_image","twitter_misc":{"Szacowany czas czytania":"2 minuty"},"schema":{"@context":"https:\/\/schema.org","@graph":[{"@type":"WebPage","@id":"https:\/\/wrocapartments.pl\/star\/zarezerwuj\/","url":"https:\/\/wrocapartments.pl\/star\/zarezerwuj\/","name":"Zarezerwuj - StarCenter WrocApartments - Apartamenty Wroc\u0142aw, Wynajem mieszka\u0144 we Wroc\u0142awiu","isPartOf":{"@id":"https:\/\/wrocapartments.pl\/star\/#website"},"datePublished":"2021-10-28T11:56:37+00:00","dateModified":"2023-12-11T21:54:08+00:00","breadcrumb":{"@id":"https:\/\/wrocapartments.pl\/star\/zarezerwuj\/#breadcrumb"},"inLanguage":"pl-PL","potentialAction":[{"@type":"ReadAction","target":["https:\/\/wrocapartments.pl\/star\/zarezerwuj\/"]}]},{"@type":"BreadcrumbList","@id":"https:\/\/wrocapartments.pl\/star\/zarezerwuj\/#breadcrumb","itemListElement":[{"@type":"ListItem","position":1,"name":"Strona g\u0142\u00f3wna","item":"https:\/\/wrocapartments.pl\/star\/"},{"@type":"ListItem","position":2,"name":"Zarezerwuj"}]},{"@type":"WebSite","@id":"https:\/\/wrocapartments.pl\/star\/#website","url":"https:\/\/wrocapartments.pl\/star\/","name":"STARCENTER - WrocApartments","description":"Twoje miejsce we Wroc\u0142awiu. Apartamenty we Wroc\u0142awiu.","publisher":{"@id":"https:\/\/wrocapartments.pl\/star\/#organization"},"potentialAction":[{"@type":"SearchAction","target":{"@type":"EntryPoint","urlTemplate":"https:\/\/wrocapartments.pl\/star\/?s={search_term_string}"},"query-input":{"@type":"PropertyValueSpecification","valueRequired":true,"valueName":"search_term_string"}}],"inLanguage":"pl-PL"},{"@type":"Organization","@id":"https:\/\/wrocapartments.pl\/star\/#organization","name":"STARCENTER - WrocApartments","url":"https:\/\/wrocapartments.pl\/star\/","logo":{"@type":"ImageObject","inLanguage":"pl-PL","@id":"https:\/\/wrocapartments.pl\/star\/#\/schema\/logo\/image\/","url":"https:\/\/wrocapartments.pl\/star\/wp-content\/uploads\/2022\/01\/Star-Center-Logo.png","contentUrl":"https:\/\/wrocapartments.pl\/star\/wp-content\/uploads\/2022\/01\/Star-Center-Logo.png","width":400,"height":126,"caption":"STARCENTER - WrocApartments"},"image":{"@id":"https:\/\/wrocapartments.pl\/star\/#\/schema\/logo\/image\/"}}]}},"lang":"pl","translations":{"pl":280,"en":2638},"pll_sync_post":[],"_links":{"self":[{"href":"https:\/\/wrocapartments.pl\/star\/wp-json\/wp\/v2\/pages\/280","targetHints":{"allow":["GET"]}}],"collection":[{"href":"https:\/\/wrocapartments.pl\/star\/wp-json\/wp\/v2\/pages"}],"about":[{"href":"https:\/\/wrocapartments.pl\/star\/wp-json\/wp\/v2\/types\/page"}],"author":[{"embeddable":true,"href":"https:\/\/wrocapartments.pl\/star\/wp-json\/wp\/v2\/users\/1"}],"replies":[{"embeddable":true,"href":"https:\/\/wrocapartments.pl\/star\/wp-json\/wp\/v2\/comments?post=280"}],"version-history":[{"count":0,"href":"https:\/\/wrocapartments.pl\/star\/wp-json\/wp\/v2\/pages\/280\/revisions"}],"wp:attachment":[{"href":"https:\/\/wrocapartments.pl\/star\/wp-json\/wp\/v2\/media?parent=280"}],"curies":[{"name":"wp","href":"https:\/\/api.w.org\/{rel}","templated":true}]}}